{"id":53,"date":"2020-01-10T16:19:44","date_gmt":"2020-01-10T16:19:44","guid":{"rendered":"https:\/\/fisiomindfulness.com\/?page_id=53"},"modified":"2024-05-03T11:14:28","modified_gmt":"2024-05-03T09:14:28","slug":"politica-de-privacidad","status":"publish","type":"page","link":"https:\/\/fisiomindfulness.com\/es\/politica-de-privacidad\/","title":{"rendered":"Pol\u00edtica de privacidad y cookies"},"content":{"rendered":"<div data-elementor-type=\"wp-page\" data-elementor-id=\"53\" class=\"elementor elementor-53\" data-elementor-post-type=\"page\">\n\t\t\t\t\t\t<section class=\"elementor-section elementor-top-section elementor-element elementor-element-c716a47 elementor-section-boxed elementor-section-height-default elementor-section-height-default\" data-id=\"c716a47\" data-element_type=\"section\">\n\t\t\t\t\t\t<div class=\"elementor-container elementor-column-gap-default\">\n\t\t\t\t\t<div class=\"elementor-column elementor-col-100 elementor-top-column elementor-element elementor-element-3663c79\" data-id=\"3663c79\" data-element_type=\"column\">\n\t\t\t<div class=\"elementor-widget-wrap elementor-element-populated\">\n\t\t\t\t\t\t<div class=\"elementor-element elementor-element-77839eb elementor-widget elementor-widget-heading\" data-id=\"77839eb\" data-element_type=\"widget\" data-widget_type=\"heading.default\">\n\t\t\t\t<div class=\"elementor-widget-container\">\n\t\t\t\t\t<h2 class=\"elementor-heading-title elementor-size-default\">Pol\u00edtica de privacidad y cookies<\/h2>\t\t\t\t<\/div>\n\t\t\t\t<\/div>\n\t\t\t\t<div class=\"elementor-element elementor-element-1eccc9d elementor-widget elementor-widget-text-editor\" data-id=\"1eccc9d\" data-element_type=\"widget\" data-widget_type=\"text-editor.default\">\n\t\t\t\t<div class=\"elementor-widget-container\">\n\t\t\t\t\t\t\t\t\t<p class=\"p1\"><span class=\"s1\">Fisiomindfulness te informa sobre su Pol\u00edtica de Privacidad respecto al tratamiento y protecci\u00f3n de las datos de car\u00e1cter personal de los usuarios y clientes que puedan ser recabados por la navegaci\u00f3n o contrataci\u00f3n de servicios a trav\u00e9s del sitio Web <a href=\"https:\/\/fisiomindfulness.com\/es\/\"><span class=\"s2\">www.fisiomindfulness.com<\/span><\/a><\/span><\/p>\n<p class=\"p1\"><span class=\"s1\">En este sentido, el Titular garantiza el cumplimiento de la normativa vigente en materia de protecci\u00f3n de datos personales, reflejada en la Ley Org\u00e1nica 3\/2018, de 5 de diciembre, de Protecci\u00f3n de Datos Personales y de Garant\u00eda de Derechos Digitales (LOPD GDD) . Cumple tambi\u00e9n el Reglamento (UE) 2016\/679 del Parlamento Europeo y del Consejo de 27 de abril de 2016 relativo a la protecci\u00f3n de las personas f\u00edsicas (RGPD).<\/span><\/p>\n<p class=\"p1\"><span class=\"s1\">El uso de sitio Web implica la aceptaci\u00f3n de esta Pol\u00edtica de Privacidad as\u00ed como las condiciones incluidas en el Aviso Legal.<\/span><\/p>\n<p class=\"p1\"><span class=\"s1\">&nbsp;<\/span><\/p>\n<p class=\"p1\"><span class=\"s1\"><b>Identidad del responsable<\/b><\/span><\/p>\n<ul class=\"ul1\">\n<li class=\"li2\"><b><\/b><span class=\"s1\"><b>Titular:<\/b>&nbsp;Eva Vila Safont<\/span><\/li>\n<li class=\"li2\"><b><\/b><span class=\"s1\"><b>NIF:&nbsp;<\/b>39346032R<\/span><\/li>\n<li class=\"li2\"><b><\/b><span class=\"s1\"><b>Domicilio:<\/b>&nbsp;C\/Manresa, 71 2\u00ba 1a<\/span><\/li>\n<li class=\"li3\"><b><\/b><span class=\"s4\"><b>Correo electr\u00f3nico<\/b>:&nbsp;<a href=\"mailto:info@fisiomindfulness.com\"><span class=\"s2\">info@fisiomindfulness.com<\/span><\/a><\/span><\/li>\n<li class=\"li3\"><b><\/b><span class=\"s4\"><b>Sitio Web<\/b>:&nbsp;<a href=\"https:\/\/fisiomindfulness.com\/es\/\"><span class=\"s2\">www.fisiomindfulness.com<\/span><\/a><\/span><\/li>\n<\/ul>\n<p class=\"p1\"><span class=\"s1\">&nbsp;<\/span><\/p>\n<p class=\"p1\"><span class=\"s1\"><b>Principios aplicados en el tratamiento de datos<\/b><\/span><\/p>\n<p class=\"p1\"><span class=\"s1\">En el tratamiento de tus datos personales, el Titular aplicar\u00e1 los siguientes principios que se ajustan a las exigencias del nuevo reglamento europeo de protecci\u00f3n de datos:<\/span><\/p>\n<p class=\"p1\"><span class=\"s1\">&nbsp;<\/span><\/p>\n<p class=\"p1\"><span class=\"s1\"><b>Principio de licitud, lealtad y transparencia:<\/b>&nbsp;El Titular siempre requerir\u00e1 el consentimiento para el tratamiento de tus datos personales que puede ser para uno o varios fines espec\u00edficos sobre los que te informar\u00e1 previamente con absoluta transparencia.<\/span><\/p>\n<p class=\"p1\"><span class=\"s1\">&nbsp;<\/span><\/p>\n<p class=\"p1\"><span class=\"s1\"><b>Principio de minimizaci\u00f3n de datos:<\/b>&nbsp;El Titular te solicitar\u00e1 solo las datos estrictamente necesarias para el fin o fines que los solicita.<\/span><\/p>\n<p class=\"p1\"><span class=\"s1\">&nbsp;<\/span><\/p>\n<p class=\"p1\"><span class=\"s1\"><b>Principio de limitaci\u00f3n del plazo de conservaci\u00f3n:<\/b>&nbsp;Las datos se mantendr\u00e1n durante el tiempo estrictamente necesario para el fin o fines del tratamiento.<br>El Titular te informar\u00e1 del plazo de conservaci\u00f3n correspondiente seg\u00fan su finalidad. En el caso de suscripciones, el Titular revisar\u00e1 peri\u00f3dicamente las listas y eliminar\u00e1 aquellos registros inactivos durante un tiempo considerable.<\/span><\/p>\n<p class=\"p1\"><span class=\"s1\">&nbsp;<\/span><\/p>\n<p class=\"p1\"><span class=\"s1\"><b>Principio de integridad y confidencialidad:<\/b>&nbsp;Tus datos ser\u00e1n tratados de tal modo que su seguridad, confidencialidad e integridad est\u00e9 garantizada.<br>Debes saber que el Titular toma las precauciones necesarias para evitar el acceso no autorizado o uso indebido de las datos de sus usuarios por parte de terceros.<\/span><\/p>\n<p class=\"p1\"><span class=\"s1\">&nbsp;<\/span><\/p>\n<p class=\"p1\"><span class=\"s1\"><b>Obtenci\u00f3n de datos personales<\/b><\/span><\/p>\n<p class=\"p1\"><span class=\"s1\">Para navegar por <a href=\"https:\/\/fisiomindfulness.com\/es\/\"><span class=\"s2\">www.fisiomindfulness.com<\/span><\/a> no es necesario que facilites ninguna fecha personal. Los casos en los que s\u00ed proporcionas tus datos personales son los siguientes:<\/span><\/p>\n<ul class=\"ul1\">\n<li class=\"li2\"><span class=\"s1\">Al contactar a trav\u00e9s de los formularios de contacto o enviar un correo electr\u00f3nico.<\/span><\/li>\n<li class=\"li2\"><span class=\"s1\">Al realizar un comentario en un art\u00edculo o p\u00e1gina.<\/span><\/li>\n<li class=\"li2\"><span class=\"s1\">Al inscribirte en un formulario de suscripci\u00f3n o un bolet\u00edn que el Titular gestiona como MailChimp.<\/span><\/li>\n<li class=\"li2\"><span class=\"s1\">Al inscribirte en un formulario de suscripci\u00f3n o un bolet\u00edn que el Titular gestiona con MailRelay.<\/span><\/li>\n<li class=\"li2\"><span class=\"s1\">Al inscribirte en un formulario de suscripci\u00f3n o un bolet\u00edn que el Titular gestiona como SendinBlue.<\/span><\/li>\n<\/ul>\n<p class=\"p1\"><span class=\"s1\">&nbsp;<\/span><\/p>\n<p class=\"p1\"><span class=\"s1\"><b>Tus derechos<\/b><\/span><\/p>\n<p class=\"p1\"><span class=\"s1\">El Titular te informa que sobre tus datos personales tienes derecho a:<\/span><\/p>\n<ul class=\"ul1\">\n<li class=\"li2\"><span class=\"s1\">Solicitar el acceso a las datos almacenadas.<\/span><\/li>\n<li class=\"li2\"><span class=\"s1\">Solicitar una rectificaci\u00f3n o cancelaci\u00f3n.<\/span><\/li>\n<li class=\"li2\"><span class=\"s1\">Solicitar la limitaci\u00f3n de su tratamiento.<\/span><\/li>\n<li class=\"li2\"><span class=\"s1\">Oponerte al tratamiento.<\/span><\/li>\n<li class=\"li2\"><span class=\"s1\">Solicitar la portabilidad de sus datos.<\/span><\/li>\n<\/ul>\n<p class=\"p1\"><span class=\"s1\">El ejercicio de estos derechos es personal y por tanto debe ser ejercido directamente por el interesado, solicit\u00e1ndolo directamente al Titular, lo que significa que cualquier cliente, suscriptor o colaborador que haya facilitado sus datos en alg\u00fan momento puede dirigirse al Titular y pedir informaci\u00f3n sobre los datos que tiene almacenados y c\u00f3mo los ha obtenido, solicitar la rectificaci\u00f3n de los mismos, solicitar la portabilidad de sus datos personales, oponerse al tratamiento, limitar su uso o solicitar la cancelaci\u00f3n de estas datos en los archivos del Titular.<\/span><\/p>\n<p class=\"p1\"><span class=\"s1\">Para ejercitar sus derechos de acceso, rectificaci\u00f3n, cancelaci\u00f3n, portabilidad y oposici\u00f3n tienes que enviar un correo electr\u00f3nico a <a href=\"mailto:info@fisiomindfulness.com\"><span class=\"s2\">info@fisiomindfulness.com<\/span><\/a> junto con la prueba v\u00e1lida en derecho como una fotocopia del DNI o equivalente.<\/span><\/p>\n<p class=\"p1\"><span class=\"s1\">Tienes derecho a la tutela judicial efectiva ya presentar una reclamaci\u00f3n ante la autoridad de control, en este caso, la Agencia Espa\u00f1ola de Protecci\u00f3n de Datos, si consideras que el tratamiento de datos personales que te conciernen infringe el Reglamento.<\/span><\/p>\n<p class=\"p1\"><span class=\"s1\">&nbsp;<\/span><\/p>\n<p class=\"p1\"><span class=\"s1\"><b>Finalidad del tratamiento de datos personales<\/b><\/span><\/p>\n<p class=\"p1\"><span class=\"s1\">Cuando te conectas al sitio Web para enviar un correo al Titular, te suscribes a su bolet\u00edn o realizas una contrataci\u00f3n, est\u00e1s facilitando informaci\u00f3n de car\u00e1cter personal de la que el responsable es el Titular. Esta informaci\u00f3n puede incluir datos de car\u00e1cter personal como pueden ser tu direcci\u00f3n IP, n\u00famero y cognitivos, direcci\u00f3n f\u00edsica, direcci\u00f3n de correo electr\u00f3nico, n\u00famero de tel\u00e9fono, y otra informaci\u00f3n. Al facilitar esta informaci\u00f3n, das tu consentimiento para que tu informaci\u00f3n sea recopilada, utilizada, gestionada y almacenada por superadmin.es, s\u00f3lo como se describe en el Aviso Legal y en la presente Pol\u00edtica de Privacidad.<\/span><\/p>\n<p class=\"p1\"><span class=\"s1\">Las datos personales y la finalidad del tratamiento por parte del Titular es diferente seg\u00fan el sistema de captura de informaci\u00f3n:<\/span><\/p>\n<p class=\"p1\"><span class=\"s1\">&nbsp;<\/span><\/p>\n<p class=\"p1\"><span class=\"s1\"><b>Formularios de contacto:<\/b>&nbsp;El Titular solicita datos personales entre los que pueden estar: N\u00famero y cogidos, direcci\u00f3n de correo electr\u00f3nico, n\u00famero de tel\u00e9fono y direcci\u00f3n de tu sitio Web con la finalidad de responder a tus consultas.<br>Por ejemplo, el Titular utiliza estas datos para dar respuesta a tus mensajes, dudas, quejas, comentarios o inquietudes que puedas tener relativas a la informaci\u00f3n incluida en el sitio Web, los servicios que se prestan a trav\u00e9s del sitio Web, el tratamiento de tus datos personales, cuestiones referentes a los textos legales incluidos en el sitio Web, as\u00ed como cualquier otra consulta que puedas tener y que no est\u00e9 sujeta a las condiciones del sitio Web o de la contrataci\u00f3n.<\/span><\/p>\n<p class=\"p1\"><span class=\"s1\"><b>&nbsp;<\/b><\/span><\/p>\n<p class=\"p1\"><span class=\"s1\"><b>Formularios de suscripci\u00f3n a contenidos:<\/b>&nbsp;El Titular solicita las siguientes datos personales: N\u00famero y cogidos, direcci\u00f3n de correo electr\u00f3nico, n\u00famero de tel\u00e9fono y direcci\u00f3n de tu sitio web para gestionar la lista de suscripciones, enviar butlletinas, promociones y ofertas especiales.<br>Las datos que facilites al Titular estar\u00e1n ubicadas en los servidores de The Rocket Science Group LLC d\/b\/a, con domicilio en EEUU. (Mailchimp).<\/span><\/p>\n<p class=\"p1\"><span class=\"s1\">&nbsp;<\/span><\/p>\n<p class=\"p1\"><span class=\"s1\">Existen otras finalidades por las que el Titular trata tus datos personales:<\/span><\/p>\n<ul class=\"ul1\">\n<li class=\"li2\"><span class=\"s1\">Para garantizar el cumplimiento de las condiciones recogidas en el Aviso Legal y en la ley aplicable. Esto puede incluir el desarrollo de herramientas y algoritmos que ayuden a este sitio Web a garantizar la confidencialidad de las datos personales que recoge.<\/span><\/li>\n<li class=\"li2\"><span class=\"s1\">Para apoyar y mejorar los servicios que ofrece este sitio Web.<\/span><\/li>\n<li class=\"li2\"><span class=\"s1\">Para analizar la navegaci\u00f3n. El Titular recoge otras datos no identificativos que se obtienen mediante el uso de cookies que se descargan en tu ordenador cuando navegas por el sitio Web cuyas caracter\u00edsticas y finalidad est\u00e1n detalladas en la Pol\u00edtica de Cookies.<\/span><\/li>\n<li class=\"li2\"><span class=\"s1\">Para gestionar las redes sociales. el Titular tiene presencia en redes sociales. Si te haces seguidor en las redes sociales del Titular el tratamiento de las datos personales se regir\u00e1 por este apartado, as\u00ed como por aquellas condiciones de uso, pol\u00edticas de privacidad y normativas de acceso que pertenezcan a la red social que proceda en cada caso y que has aceptado previamente.<\/span><\/li>\n<li class=\"li2\"><span class=\"s1\">Puedes consultar las pol\u00edticas de privacidad de las principales redes sociales en estos enlaces:<\/span><br>\n<ul class=\"ul2\">\n<li class=\"li2\"><span class=\"s1\">Facebook<\/span><\/li>\n<li class=\"li2\"><span class=\"s1\">Twitter<\/span><\/li>\n<li class=\"li2\"><span class=\"s1\">Linkedin<\/span><\/li>\n<li class=\"li2\"><span class=\"s1\">YouTube<\/span><\/li>\n<li class=\"li2\"><span class=\"s1\">Instagram<\/span><\/li>\n<\/ul>\n<\/li>\n<\/ul>\n<p class=\"p1\"><span class=\"s1\">El Titular tratar\u00e1 tus datos personales con la finalidad de administrar correctamente su presencia en la red social, informarte de sus actividades, productos o servicios, as\u00ed como para cualquier otra finalidad que las normativas de las redes sociales permitan.<\/span><\/p>\n<p class=\"p1\"><span class=\"s1\">En ning\u00fan caso el Titular utilizar\u00e1 los perfiles de seguidoras en red social para enviar publicidad de manera individual.<\/span><\/p>\n<p class=\"p1\"><span class=\"s1\"><b>&nbsp;<\/b><\/span><\/p>\n<p class=\"p1\"><span class=\"s1\"><b>Seguridad de las datos personales<\/b><\/span><\/p>\n<p class=\"p1\"><span class=\"s1\">Para proteger tus datos personales, el Titular toma todas las precauciones razonables y sigue las mejores pr\u00e1cticas de la industria para evitar su p\u00e9rdida, mal uso, acceso indebido, divulgaci\u00f3n, alteraci\u00f3n o destrucci\u00f3n de los mismos.<\/span><\/p>\n<p class=\"p1\"><span class=\"s1\">El sitio Web est\u00e1 alojado en www.dondominio.com. La seguridad de tus datos est\u00e1 garantizada, ya que toman todas las medidas de seguridad necesarias para ello. Puedes consultar su pol\u00edtica de privacidad para obtener m\u00e1s informaci\u00f3n.<\/span><\/p>\n<p class=\"p1\"><span class=\"s1\"><b>&nbsp;<\/b><\/span><\/p>\n<p class=\"p1\"><span class=\"s1\"><b>Contenido de otros sitios web<\/b><\/span><\/p>\n<p class=\"p1\"><span class=\"s1\">Las p\u00e1ginas de este sitio Web pueden incluir contenido incrustado (por ejemplo, v\u00eddeos, im\u00e1genes, art\u00edculos, etc.). El contenido incrustado de otras web se comporta exactamente de la misma forma que si hubieras visitado la otra web.<\/span><\/p>\n<p class=\"p1\"><span class=\"s1\">Estos sitios Web pueden recopilar datos sobre ti, utilizar cookies, incrustar un c\u00f3digo de seguimiento adicional de terceros, y supervisar tu interacci\u00f3n usando este c\u00f3digo.<\/span><\/p>\n<p class=\"p1\"><span class=\"s1\"><b>&nbsp;<\/b><\/span><\/p>\n<p class=\"p1\"><span class=\"s1\"><b>Pol\u00edtica de Cookies<\/b><\/span><\/p>\n<p class=\"p1\"><span class=\"s1\">Para que este sitio Web funcione correctamente necesita utilizar cookies, que es una informaci\u00f3n que se almacena en tu navegador web.<\/span><\/p>\n<p class=\"p1\"><span class=\"s1\">En la p\u00e1gina Pol\u00edtica de Cookies puedes consultar toda la informaci\u00f3n relativa a la pol\u00edtica de recogida, finalidad y tratamiento de las cookies.<\/span><\/p>\n<p class=\"p1\"><span class=\"s1\"><b>&nbsp;<\/b><\/span><\/p>\n<p class=\"p1\"><span class=\"s1\"><b>Legitimaci\u00f3n para el tratamiento de datos<\/b><\/span><\/p>\n<p class=\"p1\"><span class=\"s1\">La base legal para el tratamiento de tus datos es: el consentimiento.<\/span><\/p>\n<p class=\"p1\"><span class=\"s1\">Para contactar con el Titular, suscribirte a un bolet\u00edn o realizar comentarios en este sitio Web debes aceptar la presente Pol\u00edtica de Privacidad.<\/span><\/p>\n<p class=\"p1\"><span class=\"s1\">&nbsp;<\/span><\/p>\n<p class=\"p1\"><span class=\"s1\"><b>Categor\u00edas de datos personales<\/b><\/span><\/p>\n<p class=\"p1\"><span class=\"s1\">Las categor\u00edas de datos personales que trata el Titular son:<\/span><\/p>\n<ul class=\"ul1\">\n<li class=\"li2\"><span class=\"s1\">Datos identificativos.<\/span><\/li>\n<\/ul>\n<p class=\"p1\"><span class=\"s1\"><b>&nbsp;<\/b><\/span><\/p>\n<p class=\"p1\"><span class=\"s1\"><b>Conservaci\u00f3n de datos personales<\/b><\/span><\/p>\n<p class=\"p1\"><span class=\"s1\">Las datos personales que proporciones al Titular se conservar\u00e1n hasta que solicites su supresi\u00f3n.<\/span><\/p>\n<p class=\"p1\"><span class=\"s1\">&nbsp;<\/span><\/p>\t\t\t\t\t\t\t\t<\/div>\n\t\t\t\t<\/div>\n\t\t\t\t\t<\/div>\n\t\t<\/div>\n\t\t\t\t\t<\/div>\n\t\t<\/section>\n\t\t\t\t<\/div>","protected":false},"excerpt":{"rendered":"<p>Pol\u00edtica de privacidad y cookies Fisiomindfulness te informa sobre su Pol\u00edtica de Privacidad respecto al tratamiento y protecci\u00f3n de las datos de car\u00e1cter personal de los usuarios y clientes que puedan ser recabados por la navegaci\u00f3n o contrataci\u00f3n de servicios a trav\u00e9s del sitio Web www.fisiomindfulness.com En este sentido, el Titular garantiza el cumplimiento de [\u2026]<\/p>","protected":false},"author":1,"featured_media":0,"parent":0,"menu_order":0,"comment_status":"closed","ping_status":"closed","template":"","meta":{"_acf_changed":false,"_joinchat":[],"footnotes":""},"class_list":["post-53","page","type-page","status-publish","hentry"],"acf":[],"_links":{"self":[{"href":"https:\/\/fisiomindfulness.com\/es\/wp-json\/wp\/v2\/pages\/53","targetHints":{"allow":["GET"]}}],"collection":[{"href":"https:\/\/fisiomindfulness.com\/es\/wp-json\/wp\/v2\/pages"}],"about":[{"href":"https:\/\/fisiomindfulness.com\/es\/wp-json\/wp\/v2\/types\/page"}],"author":[{"embeddable":true,"href":"https:\/\/fisiomindfulness.com\/es\/wp-json\/wp\/v2\/users\/1"}],"replies":[{"embeddable":true,"href":"https:\/\/fisiomindfulness.com\/es\/wp-json\/wp\/v2\/comments?post=53"}],"version-history":[{"count":1,"href":"https:\/\/fisiomindfulness.com\/es\/wp-json\/wp\/v2\/pages\/53\/revisions"}],"predecessor-version":[{"id":27711,"href":"https:\/\/fisiomindfulness.com\/es\/wp-json\/wp\/v2\/pages\/53\/revisions\/27711"}],"wp:attachment":[{"href":"https:\/\/fisiomindfulness.com\/es\/wp-json\/wp\/v2\/media?parent=53"}],"curies":[{"name":"wp","href":"https:\/\/api.w.org\/{rel}","templated":true}]}}