{"id":28266,"date":"2025-09-22T18:28:39","date_gmt":"2025-09-22T16:28:39","guid":{"rendered":"https:\/\/fisiomindfulness.com\/?post_type=product&#038;p=28266"},"modified":"2026-03-19T17:32:06","modified_gmt":"2026-03-19T16:32:06","slug":"encadenamiento-corporal-para-reducir-la-ansiedad","status":"publish","type":"product","link":"https:\/\/fisiomindfulness.com\/es\/producto\/encadenamiento-corporal-para-reducir-la-ansiedad\/","title":{"rendered":"Encadenamiento corporal para reducir la ansiedad"},"content":{"rendered":"<p style=\"text-align: justify;\" data-pm-slice=\"1 1 []\">Mover el cuerpo as\u00ed<strong>, drena las hormonas del estr\u00e9s, libera la tensi\u00f3n corporal y gestiona el estado emocional<\/strong> en el que nos encontramos. Esta regulaci\u00f3n del sistema nervioso nos conduce a la calma y la seguridad para poder continuar.<\/p>","protected":false},"excerpt":{"rendered":"<p style=\"text-align: justify;\" data-pm-slice=\"1 1 []\">V\u00eddeo con <strong>5 din\u00e1micas corporales breves<\/strong> para reducir la ansiedad y tensi\u00f3n psicoemocional en 5 minutos. Si est\u00e1s en un bucle mental, esta pr\u00e1ctica te ayuda a <strong>regular el sistema nervioso r\u00e1pidamente ya restablecer la calma<\/strong> para tomar mejores decisiones.<\/p>\n<p>&nbsp;<\/p>","protected":false},"featured_media":29142,"comment_status":"open","ping_status":"closed","template":"","meta":{"_acf_changed":false,"_joinchat":[]},"product_brand":[],"product_cat":[63],"product_tag":[],"prod-idiomas":[66],"class_list":{"0":"post-28266","1":"product","2":"type-product","3":"status-publish","4":"has-post-thumbnail","6":"product_cat-practiques","7":"prod-idiomas-catalan","9":"first","10":"instock","11":"virtual","12":"purchasable","13":"product-type-simple"},"acf":[],"_links":{"self":[{"href":"https:\/\/fisiomindfulness.com\/es\/wp-json\/wp\/v2\/product\/28266","targetHints":{"allow":["GET"]}}],"collection":[{"href":"https:\/\/fisiomindfulness.com\/es\/wp-json\/wp\/v2\/product"}],"about":[{"href":"https:\/\/fisiomindfulness.com\/es\/wp-json\/wp\/v2\/types\/product"}],"replies":[{"embeddable":true,"href":"https:\/\/fisiomindfulness.com\/es\/wp-json\/wp\/v2\/comments?post=28266"}],"wp:featuredmedia":[{"embeddable":true,"href":"https:\/\/fisiomindfulness.com\/es\/wp-json\/wp\/v2\/media\/29142"}],"wp:attachment":[{"href":"https:\/\/fisiomindfulness.com\/es\/wp-json\/wp\/v2\/media?parent=28266"}],"wp:term":[{"taxonomy":"product_brand","embeddable":true,"href":"https:\/\/fisiomindfulness.com\/es\/wp-json\/wp\/v2\/product_brand?post=28266"},{"taxonomy":"product_cat","embeddable":true,"href":"https:\/\/fisiomindfulness.com\/es\/wp-json\/wp\/v2\/product_cat?post=28266"},{"taxonomy":"product_tag","embeddable":true,"href":"https:\/\/fisiomindfulness.com\/es\/wp-json\/wp\/v2\/product_tag?post=28266"},{"taxonomy":"prod-idiomas","embeddable":true,"href":"https:\/\/fisiomindfulness.com\/es\/wp-json\/wp\/v2\/prod-idiomas?post=28266"}],"curies":[{"name":"wp","href":"https:\/\/api.w.org\/{rel}","templated":true}]}}