{"id":28284,"date":"2025-09-24T13:06:59","date_gmt":"2025-09-24T11:06:59","guid":{"rendered":"https:\/\/fisiomindfulness.com\/?post_type=product&#038;p=28284"},"modified":"2026-03-19T17:40:09","modified_gmt":"2026-03-19T16:40:09","slug":"pack","status":"publish","type":"product","link":"https:\/\/fisiomindfulness.com\/es\/producto\/pack\/","title":{"rendered":"Pack Esencia Llena"},"content":{"rendered":"<p style=\"text-align: justify;\" data-start=\"153\" data-end=\"377\">\u00c9ste es un pack muy completo que incluye todas las pr\u00e1cticas que vemos en un curso de 8 semanas. <strong>\u00a0<\/strong>Un conjunto de audios y v\u00eddeos creados para calmar la mente, aflojar tensiones y reconectar con tu energ\u00eda interior.<\/p>\n<p style=\"text-align: justify;\" data-start=\"153\" data-end=\"377\"><strong>Ideal para personas que desean descansar mejor, reducir estr\u00e9s o aprender a relajarse de una manera profunda y progresiva en la intimidad de su casa.<\/strong><\/p>\n<p style=\"text-align: justify;\">Consigue ahora tu pack y <strong>comienza hoy mismo a cultivar tu bienestar.\u00a0<\/strong>\u00a1El mejor regalo para ti!<\/p>","protected":false},"excerpt":{"rendered":"<p style=\"text-align: justify;\"><strong>Es un aut\u00e9ntico botiqu\u00edn para autorregularte de la forma que necesites en cada momento. <\/strong>A trav\u00e9s de respiraciones, automasajes, t\u00e9cnicas corporales y visualizaciones, ir\u00e1s notando c\u00f3mo el cuerpo se destensa, el pensamiento se ordena y la calma vuelve a aparecer con naturalidad.<\/p>\n<p style=\"text-align: justify;\">Pr\u00e1cticas sencillas y guiadas perfectas para realizar en casa.\u00a0<strong>Un espacio para desconectar del ruido y volver a ti.<\/strong><\/p>","protected":false},"featured_media":28594,"comment_status":"open","ping_status":"closed","template":"","meta":{"_acf_changed":false,"_joinchat":[]},"product_brand":[],"product_cat":[64],"product_tag":[],"prod-idiomas":[66],"class_list":{"0":"post-28284","1":"product","2":"type-product","3":"status-publish","4":"has-post-thumbnail","6":"product_cat-packs","7":"prod-idiomas-catalan","9":"first","10":"instock","11":"virtual","12":"purchasable","13":"product-type-woosb"},"acf":[],"_links":{"self":[{"href":"https:\/\/fisiomindfulness.com\/es\/wp-json\/wp\/v2\/product\/28284","targetHints":{"allow":["GET"]}}],"collection":[{"href":"https:\/\/fisiomindfulness.com\/es\/wp-json\/wp\/v2\/product"}],"about":[{"href":"https:\/\/fisiomindfulness.com\/es\/wp-json\/wp\/v2\/types\/product"}],"replies":[{"embeddable":true,"href":"https:\/\/fisiomindfulness.com\/es\/wp-json\/wp\/v2\/comments?post=28284"}],"wp:featuredmedia":[{"embeddable":true,"href":"https:\/\/fisiomindfulness.com\/es\/wp-json\/wp\/v2\/media\/28594"}],"wp:attachment":[{"href":"https:\/\/fisiomindfulness.com\/es\/wp-json\/wp\/v2\/media?parent=28284"}],"wp:term":[{"taxonomy":"product_brand","embeddable":true,"href":"https:\/\/fisiomindfulness.com\/es\/wp-json\/wp\/v2\/product_brand?post=28284"},{"taxonomy":"product_cat","embeddable":true,"href":"https:\/\/fisiomindfulness.com\/es\/wp-json\/wp\/v2\/product_cat?post=28284"},{"taxonomy":"product_tag","embeddable":true,"href":"https:\/\/fisiomindfulness.com\/es\/wp-json\/wp\/v2\/product_tag?post=28284"},{"taxonomy":"prod-idiomas","embeddable":true,"href":"https:\/\/fisiomindfulness.com\/es\/wp-json\/wp\/v2\/prod-idiomas?post=28284"}],"curies":[{"name":"wp","href":"https:\/\/api.w.org\/{rel}","templated":true}]}}