{"id":28602,"date":"2025-11-18T16:25:51","date_gmt":"2025-11-18T15:25:51","guid":{"rendered":"https:\/\/fisiomindfulness.com\/?post_type=product&#038;p=28602"},"modified":"2026-03-19T17:33:28","modified_gmt":"2026-03-19T16:33:28","slug":"gancho-de-cook","status":"publish","type":"product","link":"https:\/\/fisiomindfulness.com\/es\/producto\/gancho-de-cook\/","title":{"rendered":"Gancho de CooK"},"content":{"rendered":"<p style=\"text-align: justify;\">Ideal antes de cualquier cosa importante o cuando ha surgido una situaci\u00f3n que te ha desestabilizado, porque <strong>restaura el equilibrio psicol\u00f3gico y emocional <\/strong>en pocos minutos.<\/p>\n<p style=\"text-align: justify;\">Relaja el sistema nervioso y <strong>ayuda a dormir. Reduce la ansiedad<\/strong>, armoniza los hemisferios cerebrales y conecta circuitos energ\u00e9ticos.<\/p>\n<p>&nbsp;<\/p>","protected":false},"excerpt":{"rendered":"<p style=\"text-align: justify;\" data-pm-slice=\"1 1 []\">El gancho <strong>ayuda en momentos de confusi\u00f3n<\/strong> y <strong>cuando estamos fuera de control<\/strong>.<\/p>\n<p style=\"text-align: justify;\" data-pm-slice=\"1 1 []\">Facilita la <strong>integraci\u00f3n de momentos dif\u00edciles<\/strong> gracias a la sinergia de elementos de la kinesiolog\u00eda, la acupuntura y la respiraci\u00f3n. Esta combinaci\u00f3n restablece la calma y regula el sistema nervioso en pocos minutos.<\/p>\n<p data-pm-slice=\"1 1 []\"><strong>Duraci\u00f3n del audio 14 minutos<\/strong><\/p>","protected":false},"featured_media":28830,"comment_status":"open","ping_status":"closed","template":"","meta":{"_acf_changed":false,"_joinchat":[]},"product_brand":[],"product_cat":[63],"product_tag":[],"prod-idiomas":[66],"class_list":{"0":"post-28602","1":"product","2":"type-product","3":"status-publish","4":"has-post-thumbnail","6":"product_cat-practiques","7":"prod-idiomas-catalan","9":"first","10":"instock","11":"featured","12":"virtual","13":"purchasable","14":"product-type-simple"},"acf":[],"_links":{"self":[{"href":"https:\/\/fisiomindfulness.com\/es\/wp-json\/wp\/v2\/product\/28602","targetHints":{"allow":["GET"]}}],"collection":[{"href":"https:\/\/fisiomindfulness.com\/es\/wp-json\/wp\/v2\/product"}],"about":[{"href":"https:\/\/fisiomindfulness.com\/es\/wp-json\/wp\/v2\/types\/product"}],"replies":[{"embeddable":true,"href":"https:\/\/fisiomindfulness.com\/es\/wp-json\/wp\/v2\/comments?post=28602"}],"wp:featuredmedia":[{"embeddable":true,"href":"https:\/\/fisiomindfulness.com\/es\/wp-json\/wp\/v2\/media\/28830"}],"wp:attachment":[{"href":"https:\/\/fisiomindfulness.com\/es\/wp-json\/wp\/v2\/media?parent=28602"}],"wp:term":[{"taxonomy":"product_brand","embeddable":true,"href":"https:\/\/fisiomindfulness.com\/es\/wp-json\/wp\/v2\/product_brand?post=28602"},{"taxonomy":"product_cat","embeddable":true,"href":"https:\/\/fisiomindfulness.com\/es\/wp-json\/wp\/v2\/product_cat?post=28602"},{"taxonomy":"product_tag","embeddable":true,"href":"https:\/\/fisiomindfulness.com\/es\/wp-json\/wp\/v2\/product_tag?post=28602"},{"taxonomy":"prod-idiomas","embeddable":true,"href":"https:\/\/fisiomindfulness.com\/es\/wp-json\/wp\/v2\/prod-idiomas?post=28602"}],"curies":[{"name":"wp","href":"https:\/\/api.w.org\/{rel}","templated":true}]}}