{"id":28607,"date":"2025-11-21T11:57:23","date_gmt":"2025-11-21T10:57:23","guid":{"rendered":"https:\/\/fisiomindfulness.com\/?post_type=product&#038;p=28607"},"modified":"2026-03-21T11:21:36","modified_gmt":"2026-03-21T10:21:36","slug":"automasaje-facial","status":"publish","type":"product","link":"https:\/\/fisiomindfulness.com\/es\/producto\/automasaje-facial\/","title":{"rendered":"Automasaje facial"},"content":{"rendered":"<p style=\"text-align: justify;\">Este masaje te ayuda a tomar conciencia del nivel de tensi\u00f3n que acumulas en tu cara. Estas tensiones est\u00e1n directamente relacionadas con las preocupaciones, con la rumiaci\u00f3n y con la alerta en la que vives a diario. Es <strong>ideal para hacer antes de dormir<\/strong>, en momentos de tensi\u00f3n o<strong> cuando no sabes c\u00f3mo detener la mente.<\/strong><\/p>\n<p style=\"text-align: justify;\">Ayuda a bajar el ritmo card\u00edaco, suavizar la respiraci\u00f3n y <strong>reducir los pensamientos. <\/strong>Es como si el cuerpo recibiera un mensaje claro: <strong>&quot;Est\u00e1s en seguridad, puedes aflojarte y entregarte al descanso&quot;.<\/strong><\/p>","protected":false},"excerpt":{"rendered":"<p style=\"text-align: justify;\">Cuando mimas y presiones ciertas zonas de la cara, estimulas fibras del nervio vago facial. Esto env\u00eda una se\u00f1al de seguridad al cerebro, que activa la rama parasimp\u00e1tica produciendo un <strong>efecto sedante.<\/strong> Este masaje <strong>relaja los &quot;m\u00fasculos del pensamiento&quot;<\/strong>, reduciendo la tensi\u00f3n inconsciente que acumulamos cuando estamos preocupados o en estado de alerta.<\/p>\n<p><strong>2 audios: Con m\u00fasica 31 min\/sin 27 min<\/strong><\/p>\n<p>&nbsp;<\/p>\n<p><strong>\u00a0 \u00a0 <\/strong><strong>1 v\u00eddeo de 13 minutos\u00a0<\/strong><\/p>\n<p>&nbsp;<\/p>","protected":false},"featured_media":28573,"comment_status":"open","ping_status":"closed","template":"","meta":{"_acf_changed":false,"_joinchat":[]},"product_brand":[],"product_cat":[63],"product_tag":[],"prod-idiomas":[66],"class_list":{"0":"post-28607","1":"product","2":"type-product","3":"status-publish","4":"has-post-thumbnail","6":"product_cat-practiques","7":"prod-idiomas-catalan","9":"first","10":"instock","11":"featured","12":"virtual","13":"purchasable","14":"product-type-simple"},"acf":[],"_links":{"self":[{"href":"https:\/\/fisiomindfulness.com\/es\/wp-json\/wp\/v2\/product\/28607","targetHints":{"allow":["GET"]}}],"collection":[{"href":"https:\/\/fisiomindfulness.com\/es\/wp-json\/wp\/v2\/product"}],"about":[{"href":"https:\/\/fisiomindfulness.com\/es\/wp-json\/wp\/v2\/types\/product"}],"replies":[{"embeddable":true,"href":"https:\/\/fisiomindfulness.com\/es\/wp-json\/wp\/v2\/comments?post=28607"}],"wp:featuredmedia":[{"embeddable":true,"href":"https:\/\/fisiomindfulness.com\/es\/wp-json\/wp\/v2\/media\/28573"}],"wp:attachment":[{"href":"https:\/\/fisiomindfulness.com\/es\/wp-json\/wp\/v2\/media?parent=28607"}],"wp:term":[{"taxonomy":"product_brand","embeddable":true,"href":"https:\/\/fisiomindfulness.com\/es\/wp-json\/wp\/v2\/product_brand?post=28607"},{"taxonomy":"product_cat","embeddable":true,"href":"https:\/\/fisiomindfulness.com\/es\/wp-json\/wp\/v2\/product_cat?post=28607"},{"taxonomy":"product_tag","embeddable":true,"href":"https:\/\/fisiomindfulness.com\/es\/wp-json\/wp\/v2\/product_tag?post=28607"},{"taxonomy":"prod-idiomas","embeddable":true,"href":"https:\/\/fisiomindfulness.com\/es\/wp-json\/wp\/v2\/prod-idiomas?post=28607"}],"curies":[{"name":"wp","href":"https:\/\/api.w.org\/{rel}","templated":true}]}}