{"id":28662,"date":"2025-12-01T13:54:59","date_gmt":"2025-12-01T12:54:59","guid":{"rendered":"https:\/\/fisiomindfulness.com\/?post_type=product&#038;p=28662"},"modified":"2026-03-19T17:31:16","modified_gmt":"2026-03-19T16:31:16","slug":"pack-relax-basico","status":"publish","type":"product","link":"https:\/\/fisiomindfulness.com\/es\/producto\/pack-relax-basico\/","title":{"rendered":"Pack Relax B\u00e1sico"},"content":{"rendered":"<p style=\"text-align: center;\">Reg\u00e1late un espacio para desconectar del ruido y volver a ti<\/p>\n<p style=\"text-align: center;\"><strong>\u00a1Te lo mereces!<\/strong><\/p>","protected":false},"excerpt":{"rendered":"<p style=\"text-align: justify;\">Incluye una serie de <strong>pr\u00e1cticas b\u00e1sicas y breves<\/strong> que te ayudar\u00e1n a regular tu nivel de tensi\u00f3n y ansiedad de forma r\u00e1pida.<\/p>\n<p style=\"text-align: justify;\">Son pr\u00e1cticas sencillas y muy agradables, <strong>perfectas para hacer en casa<\/strong> siempre que lo necesites.<\/p>\n<p style=\"text-align: justify;\">Consigue ahora tu pack y <strong>comienza hoy mismo a cultivar tu bienestar.<\/strong><\/p>","protected":false},"featured_media":28624,"comment_status":"open","ping_status":"closed","template":"","meta":{"_acf_changed":false,"_joinchat":[]},"product_brand":[],"product_cat":[64],"product_tag":[],"prod-idiomas":[66],"class_list":{"0":"post-28662","1":"product","2":"type-product","3":"status-publish","4":"has-post-thumbnail","6":"product_cat-packs","7":"prod-idiomas-catalan","9":"first","10":"instock","11":"featured","12":"downloadable","13":"virtual","14":"purchasable","15":"product-type-woosb"},"acf":[],"_links":{"self":[{"href":"https:\/\/fisiomindfulness.com\/es\/wp-json\/wp\/v2\/product\/28662","targetHints":{"allow":["GET"]}}],"collection":[{"href":"https:\/\/fisiomindfulness.com\/es\/wp-json\/wp\/v2\/product"}],"about":[{"href":"https:\/\/fisiomindfulness.com\/es\/wp-json\/wp\/v2\/types\/product"}],"replies":[{"embeddable":true,"href":"https:\/\/fisiomindfulness.com\/es\/wp-json\/wp\/v2\/comments?post=28662"}],"wp:featuredmedia":[{"embeddable":true,"href":"https:\/\/fisiomindfulness.com\/es\/wp-json\/wp\/v2\/media\/28624"}],"wp:attachment":[{"href":"https:\/\/fisiomindfulness.com\/es\/wp-json\/wp\/v2\/media?parent=28662"}],"wp:term":[{"taxonomy":"product_brand","embeddable":true,"href":"https:\/\/fisiomindfulness.com\/es\/wp-json\/wp\/v2\/product_brand?post=28662"},{"taxonomy":"product_cat","embeddable":true,"href":"https:\/\/fisiomindfulness.com\/es\/wp-json\/wp\/v2\/product_cat?post=28662"},{"taxonomy":"product_tag","embeddable":true,"href":"https:\/\/fisiomindfulness.com\/es\/wp-json\/wp\/v2\/product_tag?post=28662"},{"taxonomy":"prod-idiomas","embeddable":true,"href":"https:\/\/fisiomindfulness.com\/es\/wp-json\/wp\/v2\/prod-idiomas?post=28662"}],"curies":[{"name":"wp","href":"https:\/\/api.w.org\/{rel}","templated":true}]}}