{"id":29291,"date":"2026-03-20T12:57:22","date_gmt":"2026-03-20T11:57:22","guid":{"rendered":"https:\/\/fisiomindfulness.com\/?post_type=product&#038;p=29291"},"modified":"2026-03-20T13:22:05","modified_gmt":"2026-03-20T12:22:05","slug":"apagar-luces-de-tension","status":"publish","type":"product","link":"https:\/\/fisiomindfulness.com\/es\/producto\/apagar-luces-de-tension\/","title":{"rendered":"Apagar luces de tensi\u00f3n"},"content":{"rendered":"<p>Una pr\u00e1ctica suave, profunda y reparadora que, incluso si no te duermes, te regala un estado de descanso equivalente a varias horas de sue\u00f1o.<\/p>","protected":false},"excerpt":{"rendered":"<p style=\"text-align: justify;\" data-start=\"0\" data-end=\"157\">Esta relajaci\u00f3n te acompa\u00f1a suavemente a dar el paso hacia el descanso, ayud\u00e1ndote a <strong data-start=\"85\" data-end=\"116\">cerrar el d\u00eda conscientemente<\/strong> y en <strong data-start=\"121\" data-end=\"156\">entregarte al merecido descanso<\/strong>. A trav\u00e9s de un recorrido suave por el cuerpo, liberas la tensi\u00f3n acumulada, reduces la activaci\u00f3n y ayudas a tu cuerpo a <strong data-start=\"296\" data-end=\"322\">prepararse para dormir<\/strong>.<\/p>\n<p style=\"text-align: justify;\" data-start=\"325\" data-end=\"394\" data-is-last-node=\"\" data-is-only-node=\"\">Un espacio sencillo y profundo para dejar de hacer\u2026 y descansar de verdad. <strong>Tu cuerpo ya sabe dormir pero a veces necesita que le ayudes a apagar el d\u00eda.<\/strong><\/p>\n<p><strong>2 audios de 33 minutos ( m\u00fasica\/sin)<\/strong><\/p>\n<p style=\"text-align: justify;\">","protected":false},"featured_media":29103,"comment_status":"open","ping_status":"closed","template":"","meta":{"_acf_changed":false,"_joinchat":[]},"product_brand":[],"product_cat":[60,63],"product_tag":[],"prod-idiomas":[66],"class_list":{"0":"post-29291","1":"product","2":"type-product","3":"status-publish","4":"has-post-thumbnail","6":"product_cat-sense-categoria","7":"product_cat-practiques","8":"prod-idiomas-catalan","10":"first","11":"instock","12":"taxable","13":"shipping-taxable","14":"purchasable","15":"product-type-simple"},"acf":[],"_links":{"self":[{"href":"https:\/\/fisiomindfulness.com\/es\/wp-json\/wp\/v2\/product\/29291","targetHints":{"allow":["GET"]}}],"collection":[{"href":"https:\/\/fisiomindfulness.com\/es\/wp-json\/wp\/v2\/product"}],"about":[{"href":"https:\/\/fisiomindfulness.com\/es\/wp-json\/wp\/v2\/types\/product"}],"replies":[{"embeddable":true,"href":"https:\/\/fisiomindfulness.com\/es\/wp-json\/wp\/v2\/comments?post=29291"}],"wp:featuredmedia":[{"embeddable":true,"href":"https:\/\/fisiomindfulness.com\/es\/wp-json\/wp\/v2\/media\/29103"}],"wp:attachment":[{"href":"https:\/\/fisiomindfulness.com\/es\/wp-json\/wp\/v2\/media?parent=29291"}],"wp:term":[{"taxonomy":"product_brand","embeddable":true,"href":"https:\/\/fisiomindfulness.com\/es\/wp-json\/wp\/v2\/product_brand?post=29291"},{"taxonomy":"product_cat","embeddable":true,"href":"https:\/\/fisiomindfulness.com\/es\/wp-json\/wp\/v2\/product_cat?post=29291"},{"taxonomy":"product_tag","embeddable":true,"href":"https:\/\/fisiomindfulness.com\/es\/wp-json\/wp\/v2\/product_tag?post=29291"},{"taxonomy":"prod-idiomas","embeddable":true,"href":"https:\/\/fisiomindfulness.com\/es\/wp-json\/wp\/v2\/prod-idiomas?post=29291"}],"curies":[{"name":"wp","href":"https:\/\/api.w.org\/{rel}","templated":true}]}}